{"id":40362,"date":"2025-06-23T11:14:34","date_gmt":"2025-06-23T15:14:34","guid":{"rendered":"https:\/\/droneacademie.ca\/pratique-de-la-revision-en-vol-ocn1\/"},"modified":"2026-01-20T21:27:44","modified_gmt":"2026-01-21T02:27:44","slug":"l1co-flight-review-practice","status":"publish","type":"page","link":"https:\/\/droneacademie.ca\/en\/l1co-flight-review-practice\/","title":{"rendered":"L1CO Practical Training"},"content":{"rendered":"<div id=\"pl-40362\"  class=\"panel-layout\" ><div id=\"pg-40362-0\"  class=\"panel-grid panel-has-style\" ><div class=\"panel-row-style panel-row-style-for-40362-0\" ><div id=\"pgc-40362-0-0\"  class=\"panel-grid-cell\" ><div id=\"panel-40362-0-0-0\" class=\"so-panel widget widget_heading panel-first-child panel-last-child\" data-index=\"0\" ><div class=\"thim-widget-heading template-base\"><div class=\"sc_heading  \"><h2 class=\"title\">Practical Course: Prepare for the <span class=\"thim-color\">L1CO Flight Review<\/span><\/h2><span class=\"line\"><\/span><\/div><\/div><\/div><\/div><\/div><\/div><div id=\"pg-40362-1\"  class=\"panel-grid panel-has-style\" ><div class=\"panel-row-style panel-row-style-for-40362-1\" ><div id=\"pgc-40362-1-0\"  class=\"panel-grid-cell\" ><div id=\"panel-40362-1-0-0\" class=\"so-panel widget widget_black-studio-tinymce widget_black_studio_tinymce panel-first-child panel-last-child\" data-index=\"1\" ><div class=\"textwidget\"><div style=\"padding: 56.25% 0 0 0; position: relative;\"><iframe style=\"position: absolute; top: 0; left: 0; width: 100%; height: 100%;\" title=\"Initiation au pilotage de drone\" src=\"https:\/\/player.vimeo.com\/video\/1156699302?badge=0&amp;autopause=0&amp;player_id=0&amp;app_id=58479\" frameborder=\"0\" allowfullscreen=\"allowfullscreen\"><\/iframe><\/div>\n<p><script src=\"https:\/\/player.vimeo.com\/api\/player.js\"><\/script><\/p>\n<\/div><\/div><\/div><div id=\"pgc-40362-1-1\"  class=\"panel-grid-cell\" ><div id=\"panel-40362-1-1-0\" class=\"so-panel widget widget_black-studio-tinymce widget_black_studio_tinymce panel-first-child\" data-index=\"2\" ><h3 class=\"widget-title\">4-Hour Private Lesson<\/h3><div class=\"textwidget\"><h4><span style=\"color: #ffb606; font-size: 18pt;\"><strong>$400+tx<\/strong><\/span><\/h4>\n<p style=\"text-align: justify;\">\u2714\u00a0 Individual 4-hour practical course with a certified flight reviewer instructor.<\/p>\n<p style=\"text-align: justify;\">\u2714\u00a0\u00a0Learn to fly a drone by following the essential procedures for legal and safe operations.<\/p>\n<p style=\"text-align: justify;\">\u2714\u00a0\u00a0Most participants feel confident flying independently after the course.<\/p>\n<p style=\"text-align: justify;\">\u2714\u00a0\u00a0Simulated OCN1 flight review to arrive fully prepared for the evaluation.<\/p>\n<\/div><\/div><div id=\"panel-40362-1-1-1\" class=\"so-panel widget widget_button panel-last-child\" data-index=\"3\" ><div class=\"thim-widget-button template-base\"><a class=\"widget-button very-rounded no-border medium custom_style\" href=\"#book\" style=\"--widget-button-font-size: 12px;--widget-button-font-weight: bold;--widget-button-color: #000000;--widget-button-background-color: #ffb606;--widget-button-color-hover: #424242;--widget-button-background-color-hover: #e6a303;\">Book<\/a><\/div><\/div><\/div><\/div><\/div><div id=\"pg-40362-2\"  class=\"panel-grid panel-has-style\" ><div class=\"panel-row-style panel-row-style-for-40362-2\" ><div id=\"pgc-40362-2-0\"  class=\"panel-grid-cell\" ><div id=\"panel-40362-2-0-0\" class=\"so-panel widget widget_text panel-first-child\" data-index=\"4\" ><h3 class=\"widget-title\">Locations<\/h3>\t\t\t<div class=\"textwidget\"><p style=\"text-align: justify;\">Montreal &#8211; L\u00e9vis &#8211; Gatineau &#8211; Trois-Rivi\u00e8res &#8211; Rivi\u00e8re-du-Loup &#8211; And More.<\/p>\n<\/div>\n\t\t<\/div><div id=\"panel-40362-2-0-1\" class=\"so-panel widget widget_text panel-last-child\" data-index=\"5\" ><h3 class=\"widget-title\">Prerequisites<\/h3>\t\t\t<div class=\"textwidget\"><p style=\"text-align: justify;\">If your drone weighs 250g or more, it must be registered and you must have a drone pilot certificate for basic operations.<\/p>\n<p style=\"text-align: justify;\">If you don&#8217;t have a drone, we can rent one for the duration of the course for an additional fee of $150+tx. The rental option is available at certain locations, so please let us know in advance if you&#8217;d like to rent a drone.  All rental drones weigh over 250g.<\/p>\n<\/div>\n\t\t<\/div><\/div><\/div><\/div><div id=\"pg-40362-3\"  class=\"panel-grid panel-has-style\" ><div class=\"siteorigin-panels-stretch panel-row-style panel-row-style-for-40362-3\" id=\"book\" data-stretch-type=\"full\" ><div id=\"pgc-40362-3-0\"  class=\"panel-grid-cell\" ><div id=\"panel-40362-3-0-0\" class=\"so-panel widget widget_text panel-first-child panel-last-child\" data-index=\"6\" ><h3 class=\"widget-title\">To book<\/h3>\t\t\t<div class=\"textwidget\"><ul style=\"text-align: justify;\">\n<li>From the drop-down menu, choose the location, date and time of your course;<\/li>\n<li>Enter your details and pay for your reservation;<\/li>\n<li>Once payment has been received, you will immediately receive two e-mails: one containing the invoice, and another containing the address of the course location, your instructor&#8217;s contact details and instructions. If you haven&#8217;t received one of these two e-mails, it&#8217;s very likely that it has slipped into your spam folder. If not, contact us and we&#8217;ll send you the e-mail(s).<\/li>\n<\/ul>\n<\/div>\n\t\t<\/div><\/div><div id=\"pgc-40362-3-1\"  class=\"panel-grid-cell\" ><div id=\"panel-40362-3-1-0\" class=\"so-panel widget widget_sow-editor panel-first-child panel-last-child\" data-index=\"7\" ><div\n\t\t\t\n\t\t\tclass=\"so-widget-sow-editor so-widget-sow-editor-base\"\n\t\t\t\n\t\t>\n<div class=\"siteorigin-widget-tinymce textwidget\">\n\t\n<script>\n  if (typeof hasAmeliaEntitiesApiCall === 'undefined' && ('' === '' && '' !== '1')) {\n    var hasAmeliaEntitiesApiCall = true;\n  }\n  var ameliaShortcodeData = (typeof ameliaShortcodeData === 'undefined') ? [] : ameliaShortcodeData;\n  ameliaShortcodeData.push(\n    {\n      'hasApiCall': (typeof hasAmeliaEntitiesApiCall !== 'undefined') && hasAmeliaEntitiesApiCall,\n      'trigger': '',\n      'trigger_type': '',\n      'triggered_form': 'sbsNew',\n      'in_dialog': '',\n      'show': '',\n      'counter': '1000',\n      'category': '',\n      'service': '23',\n      'employee': '',\n      'location': '',\n      'package': '',\n      'layout': '',\n    }\n  );\n\n  var ameliaShortcodeDataTriggered = (typeof ameliaShortcodeDataTriggered === 'undefined') ? [] : ameliaShortcodeDataTriggered;\n  if (ameliaShortcodeData[ameliaShortcodeData.length - 1].trigger !== '') {\n    if (ameliaShortcodeDataTriggered.filter(a => a.counter === ameliaShortcodeData[ameliaShortcodeData.length - 1].counter).length === 0) {\n      ameliaShortcodeDataTriggered.push(ameliaShortcodeData.pop());\n    } else {\n      ameliaShortcodeData.pop()\n    }\n  }\n  if (typeof hasAmeliaEntitiesApiCall !== 'undefined' && hasAmeliaEntitiesApiCall) {\n    hasAmeliaEntitiesApiCall = false;\n  }\n<\/script>\n\n<div\n  id=\"amelia-v2-booking-1000\"\n  class=\"amelia-v2-booking\"\n >\n    <step-form-wrapper><\/step-form-wrapper><\/div>\n\n<style>div.el-form-item.am-select-employee-option {display: none;}<\/style>\n<\/div>\n<\/div><\/div><\/div><\/div><\/div><div id=\"pg-40362-4\"  class=\"panel-grid panel-has-style\" ><div class=\"panel-row-style panel-row-style-for-40362-4\" ><div id=\"pgc-40362-4-0\"  class=\"panel-grid-cell\" ><div id=\"panel-40362-4-0-0\" class=\"so-panel widget widget_text panel-first-child panel-last-child\" data-index=\"8\" ><h3 class=\"widget-title\">Cancellation policy<\/h3>\t\t\t<div class=\"textwidget\"><ul style=\"text-align: justify;\">\n<li>If you cancel your lesson more than 24 hours in advance and require a refund, a 3% fee will be charged to your refund.<\/li>\n<li>If you cancel your class less than 24 hours in advance and require a refund, a fee of $85+tx will be charged to your refund.<\/li>\n<li>For any absence, if you do not contact your instructor at least 2 hours in advance, a fee of $100+tx will be charged.<\/li>\n<\/ul>\n<\/div>\n\t\t<\/div><\/div><\/div><\/div><\/div>","protected":false},"excerpt":{"rendered":"<p>Master drone piloting and get ready for L1CO Flight Review. This private practical training is offered by an experienced instructor.<\/p>\n","protected":false},"author":1,"featured_media":0,"parent":0,"menu_order":0,"comment_status":"closed","ping_status":"closed","template":"","meta":{"footnotes":""},"class_list":["post-40362","page","type-page","status-publish","hentry"],"yoast_head":"<!-- This site is optimized with the Yoast SEO plugin v27.4 - https:\/\/yoast.com\/product\/yoast-seo-wordpress\/ -->\n<title>Private practical course - Get ready for the L1CO Flight Review<\/title>\n<meta name=\"description\" content=\"Master drone piloting and get ready for the practical exam. This private practical training is offered by an experienced instructor.\" \/>\n<meta name=\"robots\" content=\"index, follow, max-snippet:-1, max-image-preview:large, max-video-preview:-1\" \/>\n<link rel=\"canonical\" href=\"https:\/\/droneacademie.ca\/en\/l1co-flight-review-practice\/\" \/>\n<meta property=\"og:locale\" content=\"en_US\" \/>\n<meta property=\"og:type\" content=\"article\" \/>\n<meta property=\"og:title\" content=\"Private practical course - Get ready for the L1CO Flight Review\" \/>\n<meta property=\"og:description\" content=\"Master drone piloting and get ready for the practical exam. This private practical training is offered by an experienced instructor.\" \/>\n<meta property=\"og:url\" content=\"https:\/\/droneacademie.ca\/en\/l1co-flight-review-practice\/\" \/>\n<meta property=\"og:site_name\" content=\"Drone Acad\u00e9mie\" \/>\n<meta property=\"article:publisher\" content=\"https:\/\/www.facebook.com\/Drone-Acad%c3%a9mie-824712764399267\" \/>\n<meta property=\"article:modified_time\" content=\"2026-01-21T02:27:44+00:00\" \/>\n<meta name=\"twitter:card\" content=\"summary_large_image\" \/>\n<meta name=\"twitter:label1\" content=\"Est. reading time\" \/>\n\t<meta name=\"twitter:data1\" content=\"2 minutes\" \/>\n<script type=\"application\/ld+json\" class=\"yoast-schema-graph\">{\"@context\":\"https:\\\/\\\/schema.org\",\"@graph\":[{\"@type\":\"WebPage\",\"@id\":\"https:\\\/\\\/droneacademie.ca\\\/en\\\/l1co-flight-review-practice\\\/\",\"url\":\"https:\\\/\\\/droneacademie.ca\\\/en\\\/l1co-flight-review-practice\\\/\",\"name\":\"Private practical course - Get ready for the L1CO Flight Review\",\"isPartOf\":{\"@id\":\"https:\\\/\\\/droneacademie.ca\\\/en\\\/#website\"},\"datePublished\":\"2025-06-23T15:14:34+00:00\",\"dateModified\":\"2026-01-21T02:27:44+00:00\",\"description\":\"Master drone piloting and get ready for the practical exam. This private practical training is offered by an experienced instructor.\",\"breadcrumb\":{\"@id\":\"https:\\\/\\\/droneacademie.ca\\\/en\\\/l1co-flight-review-practice\\\/#breadcrumb\"},\"inLanguage\":\"en-US\",\"potentialAction\":[{\"@type\":\"ReadAction\",\"target\":[\"https:\\\/\\\/droneacademie.ca\\\/en\\\/l1co-flight-review-practice\\\/\"]}]},{\"@type\":\"BreadcrumbList\",\"@id\":\"https:\\\/\\\/droneacademie.ca\\\/en\\\/l1co-flight-review-practice\\\/#breadcrumb\",\"itemListElement\":[{\"@type\":\"ListItem\",\"position\":1,\"name\":\"Home\",\"item\":\"https:\\\/\\\/droneacademie.ca\\\/en\\\/\"},{\"@type\":\"ListItem\",\"position\":2,\"name\":\"L1CO Practical Training\"}]},{\"@type\":\"WebSite\",\"@id\":\"https:\\\/\\\/droneacademie.ca\\\/en\\\/#website\",\"url\":\"https:\\\/\\\/droneacademie.ca\\\/en\\\/\",\"name\":\"Drone Acad\u00e9mie\",\"description\":\"Formations pour les pilotes de drone\",\"potentialAction\":[{\"@type\":\"SearchAction\",\"target\":{\"@type\":\"EntryPoint\",\"urlTemplate\":\"https:\\\/\\\/droneacademie.ca\\\/en\\\/?s={search_term_string}\"},\"query-input\":{\"@type\":\"PropertyValueSpecification\",\"valueRequired\":true,\"valueName\":\"search_term_string\"}}],\"inLanguage\":\"en-US\"}]}<\/script>\n<!-- \/ Yoast SEO plugin. -->","yoast_head_json":{"title":"Private practical course - Get ready for the L1CO Flight Review","description":"Master drone piloting and get ready for the practical exam. This private practical training is offered by an experienced instructor.","robots":{"index":"index","follow":"follow","max-snippet":"max-snippet:-1","max-image-preview":"max-image-preview:large","max-video-preview":"max-video-preview:-1"},"canonical":"https:\/\/droneacademie.ca\/en\/l1co-flight-review-practice\/","og_locale":"en_US","og_type":"article","og_title":"Private practical course - Get ready for the L1CO Flight Review","og_description":"Master drone piloting and get ready for the practical exam. This private practical training is offered by an experienced instructor.","og_url":"https:\/\/droneacademie.ca\/en\/l1co-flight-review-practice\/","og_site_name":"Drone Acad\u00e9mie","article_publisher":"https:\/\/www.facebook.com\/Drone-Acad%c3%a9mie-824712764399267","article_modified_time":"2026-01-21T02:27:44+00:00","twitter_card":"summary_large_image","twitter_misc":{"Est. reading time":"2 minutes"},"schema":{"@context":"https:\/\/schema.org","@graph":[{"@type":"WebPage","@id":"https:\/\/droneacademie.ca\/en\/l1co-flight-review-practice\/","url":"https:\/\/droneacademie.ca\/en\/l1co-flight-review-practice\/","name":"Private practical course - Get ready for the L1CO Flight Review","isPartOf":{"@id":"https:\/\/droneacademie.ca\/en\/#website"},"datePublished":"2025-06-23T15:14:34+00:00","dateModified":"2026-01-21T02:27:44+00:00","description":"Master drone piloting and get ready for the practical exam. This private practical training is offered by an experienced instructor.","breadcrumb":{"@id":"https:\/\/droneacademie.ca\/en\/l1co-flight-review-practice\/#breadcrumb"},"inLanguage":"en-US","potentialAction":[{"@type":"ReadAction","target":["https:\/\/droneacademie.ca\/en\/l1co-flight-review-practice\/"]}]},{"@type":"BreadcrumbList","@id":"https:\/\/droneacademie.ca\/en\/l1co-flight-review-practice\/#breadcrumb","itemListElement":[{"@type":"ListItem","position":1,"name":"Home","item":"https:\/\/droneacademie.ca\/en\/"},{"@type":"ListItem","position":2,"name":"L1CO Practical Training"}]},{"@type":"WebSite","@id":"https:\/\/droneacademie.ca\/en\/#website","url":"https:\/\/droneacademie.ca\/en\/","name":"Drone Acad\u00e9mie","description":"Formations pour les pilotes de drone","potentialAction":[{"@type":"SearchAction","target":{"@type":"EntryPoint","urlTemplate":"https:\/\/droneacademie.ca\/en\/?s={search_term_string}"},"query-input":{"@type":"PropertyValueSpecification","valueRequired":true,"valueName":"search_term_string"}}],"inLanguage":"en-US"}]}},"_links":{"self":[{"href":"https:\/\/droneacademie.ca\/en\/wp-json\/wp\/v2\/pages\/40362","targetHints":{"allow":["GET"]}}],"collection":[{"href":"https:\/\/droneacademie.ca\/en\/wp-json\/wp\/v2\/pages"}],"about":[{"href":"https:\/\/droneacademie.ca\/en\/wp-json\/wp\/v2\/types\/page"}],"author":[{"embeddable":true,"href":"https:\/\/droneacademie.ca\/en\/wp-json\/wp\/v2\/users\/1"}],"replies":[{"embeddable":true,"href":"https:\/\/droneacademie.ca\/en\/wp-json\/wp\/v2\/comments?post=40362"}],"version-history":[{"count":14,"href":"https:\/\/droneacademie.ca\/en\/wp-json\/wp\/v2\/pages\/40362\/revisions"}],"predecessor-version":[{"id":42186,"href":"https:\/\/droneacademie.ca\/en\/wp-json\/wp\/v2\/pages\/40362\/revisions\/42186"}],"wp:attachment":[{"href":"https:\/\/droneacademie.ca\/en\/wp-json\/wp\/v2\/media?parent=40362"}],"curies":[{"name":"wp","href":"https:\/\/api.w.org\/{rel}","templated":true}]}}